{"id":14,"date":"2022-03-17T13:02:42","date_gmt":"2022-03-17T12:02:42","guid":{"rendered":"https:\/\/www.elerte.cz\/?page_id=14"},"modified":"2022-03-18T08:48:52","modified_gmt":"2022-03-18T07:48:52","slug":"contact","status":"publish","type":"page","link":"https:\/\/www.elerte.cz\/index.php\/contact\/","title":{"rendered":"Contact"},"content":{"rendered":"\n<div style=\"height:17px\" aria-hidden=\"true\" class=\"wp-block-spacer\"><\/div>\n\n\n\n<h2 class=\"has-luminous-vivid-amber-color has-text-color\">COMPANY MANAGEMENT<\/h2>\n\n\n\n<div class=\"wp-block-columns\">\n<div class=\"wp-block-column\">\n<h2>Managing director<\/h2>\n\n\n\n<ul><li><strong>Ing. Petr \u0160IMON\u00cdK, Ph.D.<\/strong><\/li><li>+420 604 478 962<\/li><li>petr.simonik@elerte.cz<\/li><\/ul>\n<\/div>\n\n\n\n<div class=\"wp-block-column\">\n<h2>Office &amp; Support<\/h2>\n\n\n\n<ul><li>+420 777 923 640<\/li><li>info@elerte.cz<\/li><\/ul>\n<\/div>\n<\/div>\n\n\n\n<div class=\"wp-block-columns\">\n<div class=\"wp-block-column\">\n<h2>System engineering<\/h2>\n\n\n\n<ul><li><strong>Ing. Tom\u00e1\u0161 MROV\u011aC, Ph.D.<\/strong><\/li><li>+420 777 923 642<\/li><li>tomas.mrovec@elerte.cz<\/li><\/ul>\n<\/div>\n\n\n\n<div class=\"wp-block-column\">\n<h2>System integration<\/h2>\n\n\n\n<ul><li><strong>Ing. Tom\u00e1\u0161 KLEIN<\/strong><\/li><li>+420 608 295 681<\/li><li>tomas.klein@elerte.cz<\/li><\/ul>\n<\/div>\n<\/div>\n\n\n\n<h2 class=\"has-luminous-vivid-amber-color has-text-color\">LOCATION<\/h2>\n\n\n\n<iframe src=\"https:\/\/www.google.com\/maps\/embed?pb=!1m18!1m12!1m3!1d643.4792778778749!2d18.16405052926544!3d49.825223063887464!2m3!1f0!2f0!3f0!3m2!1i1024!2i768!4f13.1!3m3!1m2!1s0x4713e6ab5ed32ce1%3A0xf004916f087c4296!2zTsOhYsWZLiBTdmF6dSBQcm90aWZhxaEuIGJvam92bsOta8WvIDY0LCA3MDggMDAgT3N0cmF2YS1Qb3J1YmE!5e0!3m2!1scs!2scz!4v1647587472451!5m2!1scs!2scz\" width=\"600\" height=\"450\" style=\"border:0;\" allowfullscreen=\"\" loading=\"lazy\"><\/iframe>\n\n\n\n<p><\/p>\n","protected":false},"excerpt":{"rendered":"<p>COMPANY MANAGEMENT Managing director Ing. Petr \u0160IMON\u00cdK, Ph.D. +420 604 478 962 petr.simonik@elerte.cz Office &amp; Support +420 777 923 640 info@elerte.cz System engineering Ing. Tom\u00e1\u0161 MROV\u011aC, Ph.D. +420 777 923 642 tomas.mrovec@elerte.cz System integration Ing. Tom\u00e1\u0161 KLEIN +420 608 295&#8230;<\/p>\n","protected":false},"author":1,"featured_media":0,"parent":0,"menu_order":0,"comment_status":"closed","ping_status":"closed","template":"","meta":[],"_links":{"self":[{"href":"https:\/\/www.elerte.cz\/index.php\/wp-json\/wp\/v2\/pages\/14"}],"collection":[{"href":"https:\/\/www.elerte.cz\/index.php\/wp-json\/wp\/v2\/pages"}],"about":[{"href":"https:\/\/www.elerte.cz\/index.php\/wp-json\/wp\/v2\/types\/page"}],"author":[{"embeddable":true,"href":"https:\/\/www.elerte.cz\/index.php\/wp-json\/wp\/v2\/users\/1"}],"replies":[{"embeddable":true,"href":"https:\/\/www.elerte.cz\/index.php\/wp-json\/wp\/v2\/comments?post=14"}],"version-history":[{"count":23,"href":"https:\/\/www.elerte.cz\/index.php\/wp-json\/wp\/v2\/pages\/14\/revisions"}],"predecessor-version":[{"id":93,"href":"https:\/\/www.elerte.cz\/index.php\/wp-json\/wp\/v2\/pages\/14\/revisions\/93"}],"wp:attachment":[{"href":"https:\/\/www.elerte.cz\/index.php\/wp-json\/wp\/v2\/media?parent=14"}],"curies":[{"name":"wp","href":"https:\/\/api.w.org\/{rel}","templated":true}]}}